{"id":3318,"date":"2023-06-20T13:56:51","date_gmt":"2023-06-20T13:56:51","guid":{"rendered":"https:\/\/www.vignobles-jeanjean.com\/?page_id=3318"},"modified":"2025-05-21T08:33:41","modified_gmt":"2025-05-21T08:33:41","slug":"domaine-des-terres-blanches-en","status":"publish","type":"page","link":"https:\/\/www.vignobles-jeanjean.com\/?page_id=3318&lang=en","title":{"rendered":"DOMAINE DES TERRES BLANCHES"},"content":{"rendered":"\t\t<div data-elementor-type=\"wp-page\" data-elementor-id=\"3318\" class=\"elementor elementor-3318\" data-elementor-settings=\"[]\">\n\t\t\t\t\t\t\t<div class=\"elementor-section-wrap\">\n\t\t\t\t\t\t\t<section class=\"elementor-section elementor-top-section elementor-element elementor-element-415bf4e elementor-section-full_width elementor-section-height-default elementor-section-height-default\" data-id=\"415bf4e\" data-element_type=\"section\">\n\t\t\t\t\t\t<div class=\"elementor-container elementor-column-gap-no\">\n\t\t\t\t\t<div class=\"elementor-column elementor-col-100 elementor-top-column elementor-element elementor-element-0e22dc0\" data-id=\"0e22dc0\" data-element_type=\"column\">\n\t\t\t<div class=\"elementor-widget-wrap elementor-element-populated\">\n\t\t\t\t\t\t\t\t<div class=\"elementor-element elementor-element-5878b02 elementor-widget elementor-widget-image\" data-id=\"5878b02\" data-element_type=\"widget\" data-widget_type=\"image.default\">\n\t\t\t\t<div class=\"elementor-widget-container\">\n\t\t\t\t\t\t\t\t\t\t\t\t\t\t\t<img loading=\"lazy\" decoding=\"async\" width=\"1536\" height=\"372\" src=\"https:\/\/www.vignobles-jeanjean.com\/wp-content\/uploads\/2023\/03\/header-TERRES-BLANCHES-FT-QUABLE-B-1536x372.png\" class=\"attachment-1536x1536 size-1536x1536\" alt=\"\" srcset=\"https:\/\/www.vignobles-jeanjean.com\/wp-content\/uploads\/2023\/03\/header-TERRES-BLANCHES-FT-QUABLE-B-1536x372.png 1536w, https:\/\/www.vignobles-jeanjean.com\/wp-content\/uploads\/2023\/03\/header-TERRES-BLANCHES-FT-QUABLE-B-300x73.png 300w, https:\/\/www.vignobles-jeanjean.com\/wp-content\/uploads\/2023\/03\/header-TERRES-BLANCHES-FT-QUABLE-B-1024x248.png 1024w, https:\/\/www.vignobles-jeanjean.com\/wp-content\/uploads\/2023\/03\/header-TERRES-BLANCHES-FT-QUABLE-B-768x186.png 768w, https:\/\/www.vignobles-jeanjean.com\/wp-content\/uploads\/2023\/03\/header-TERRES-BLANCHES-FT-QUABLE-B-2048x495.png 2048w\" sizes=\"auto, (max-width: 1536px) 100vw, 1536px\" \/>\t\t\t\t\t\t\t\t\t\t\t\t\t\t\t<\/div>\n\t\t\t\t<\/div>\n\t\t\t\t\t<\/div>\n\t\t<\/div>\n\t\t\t\t\t\t\t<\/div>\n\t\t<\/section>\n\t\t\t\t<section class=\"elementor-section elementor-top-section elementor-element elementor-element-87b54d4 elementor-section-boxed elementor-section-height-default elementor-section-height-default\" data-id=\"87b54d4\" data-element_type=\"section\">\n\t\t\t\t\t\t<div class=\"elementor-container elementor-column-gap-default\">\n\t\t\t\t\t<div class=\"elementor-column elementor-col-100 elementor-top-column elementor-element elementor-element-0577120\" data-id=\"0577120\" data-element_type=\"column\">\n\t\t\t<div class=\"elementor-widget-wrap elementor-element-populated\">\n\t\t\t\t\t\t\t\t<section class=\"elementor-section elementor-inner-section elementor-element elementor-element-e47278d elementor-section-boxed elementor-section-height-default elementor-section-height-default\" data-id=\"e47278d\" data-element_type=\"section\">\n\t\t\t\t\t\t<div class=\"elementor-container elementor-column-gap-default\">\n\t\t\t\t\t<div class=\"elementor-column elementor-col-50 elementor-inner-column elementor-element elementor-element-d8383cc\" data-id=\"d8383cc\" data-element_type=\"column\" id=\"domaine-contents\">\n\t\t\t<div class=\"elementor-widget-wrap elementor-element-populated\">\n\t\t\t\t\t\t\t\t<div class=\"elementor-element elementor-element-1865734 elementor-widget elementor-widget-heading\" data-id=\"1865734\" data-element_type=\"widget\" id=\"underline\" data-widget_type=\"heading.default\">\n\t\t\t\t<div class=\"elementor-widget-container\">\n\t\t\t<h4 class=\"elementor-heading-title elementor-size-default\">DOMAINE DES TERRES BLANCHES<\/h4>\t\t<\/div>\n\t\t\t\t<\/div>\n\t\t\t\t<div class=\"elementor-element elementor-element-d96fcdd elementor-widget elementor-widget-text-editor\" data-id=\"d96fcdd\" data-element_type=\"widget\" data-widget_type=\"text-editor.default\">\n\t\t\t\t<div class=\"elementor-widget-container\">\n\t\t\t\t\t\t\t\t<p>THE UNIQUE<\/p><p>Domaine des Terres Blanches straddles the communes of Pinet, Castelnau de Guers and Pomerols. The estate comprises 6 parcels, including Euz\u00e8be le blanc and Tienou la blanche. The terroir is composed exclusively of superficial to medium clay-limestone soils. Piquepoul is the only grape variety grown on these 6 plots. The estate has begun its conversion to organic farming and will be certified for the 2021 vintage.<\/p><p>The estate is one of the most terrestrial domains dedicated to the Piquepoul grape variety. Our cuv\u00e9e is above all a great Languedoc white wine, aged on lees for many months after a late harvest. It&#8217;s a great Picpoul for gourmets.<\/p>\t\t\t\t\t\t<\/div>\n\t\t\t\t<\/div>\n\t\t\t\t<div class=\"elementor-element elementor-element-9f1ce81 elementor-align-center elementor-widget elementor-widget-button\" data-id=\"9f1ce81\" data-element_type=\"widget\" data-widget_type=\"button.default\">\n\t\t\t\t<div class=\"elementor-widget-container\">\n\t\t\t\t\t<div class=\"elementor-button-wrapper\">\n\t\t\t<a href=\"https:\/\/boutique.vignobles-jeanjean.com\/les-domaines-des-vignobles-jeanjean\/domaine-des-terres-blanches.html\" class=\"elementor-button-link elementor-button elementor-size-lg\" role=\"button\">\n\t\t\t\t\t\t<span class=\"elementor-button-content-wrapper\">\n\t\t\t\t\t\t<span class=\"elementor-button-icon elementor-align-icon-left\">\n\t\t\t\t<i aria-hidden=\"true\" class=\"fas fa-shopping-cart\"><\/i>\t\t\t<\/span>\n\t\t\t\t\t\t<span class=\"elementor-button-text\">Buy Online<\/span>\n\t\t<\/span>\n\t\t\t\t\t<\/a>\n\t\t<\/div>\n\t\t\t\t<\/div>\n\t\t\t\t<\/div>\n\t\t\t\t\t<\/div>\n\t\t<\/div>\n\t\t\t\t<div class=\"elementor-column elementor-col-50 elementor-inner-column elementor-element elementor-element-df61792\" data-id=\"df61792\" data-element_type=\"column\">\n\t\t\t<div class=\"elementor-widget-wrap elementor-element-populated\">\n\t\t\t\t\t\t\t\t<div class=\"elementor-element elementor-element-53d5431 elementor-widget elementor-widget-text-editor\" data-id=\"53d5431\" data-element_type=\"widget\" data-widget_type=\"text-editor.default\">\n\t\t\t\t<div class=\"elementor-widget-container\">\n\t\t\t\t\t\t\t\t<p><strong>AREA<\/strong><\/p><p>4.2 hectares<\/p>\t\t\t\t\t\t<\/div>\n\t\t\t\t<\/div>\n\t\t\t\t<div class=\"elementor-element elementor-element-a2e6a05 elementor-widget elementor-widget-text-editor\" data-id=\"a2e6a05\" data-element_type=\"widget\" data-widget_type=\"text-editor.default\">\n\t\t\t\t<div class=\"elementor-widget-container\">\n\t\t\t\t\t\t\t\t<p><strong>ALTITUDE<\/strong><\/p><p>at sea level<\/p>\t\t\t\t\t\t<\/div>\n\t\t\t\t<\/div>\n\t\t\t\t<div class=\"elementor-element elementor-element-c2edf46 elementor-widget elementor-widget-text-editor\" data-id=\"c2edf46\" data-element_type=\"widget\" data-widget_type=\"text-editor.default\">\n\t\t\t\t<div class=\"elementor-widget-container\">\n\t\t\t\t\t\t\t\t<p><strong>SOIL<\/strong><\/p><p>Clay-limestone, shallow to moderately deep<\/p>\t\t\t\t\t\t<\/div>\n\t\t\t\t<\/div>\n\t\t\t\t<div class=\"elementor-element elementor-element-3f972ab elementor-widget elementor-widget-text-editor\" data-id=\"3f972ab\" data-element_type=\"widget\" data-widget_type=\"text-editor.default\">\n\t\t\t\t<div class=\"elementor-widget-container\">\n\t\t\t\t\t\t\t\t<p><strong>TYPICITE<\/strong><\/p><p>Delicate, lively, aromatic<\/p>\t\t\t\t\t\t<\/div>\n\t\t\t\t<\/div>\n\t\t\t\t<div class=\"elementor-element elementor-element-b192be9 elementor-widget elementor-widget-text-editor\" data-id=\"b192be9\" data-element_type=\"widget\" data-widget_type=\"text-editor.default\">\n\t\t\t\t<div class=\"elementor-widget-container\">\n\t\t\t\t\t\t\t\t<p><strong>VARIETY<\/strong><\/p><p>Piquepoul<\/p>\t\t\t\t\t\t<\/div>\n\t\t\t\t<\/div>\n\t\t\t\t<div class=\"elementor-element elementor-element-4e45be5 elementor-widget elementor-widget-text-editor\" data-id=\"4e45be5\" data-element_type=\"widget\" data-widget_type=\"text-editor.default\">\n\t\t\t\t<div class=\"elementor-widget-container\">\n\t\t\t\t\t\t\t\t<p><strong>APPELLATION<\/strong><\/p><p>Picpoul de Pinet<\/p>\t\t\t\t\t\t<\/div>\n\t\t\t\t<\/div>\n\t\t\t\t<div class=\"elementor-element elementor-element-c657817 elementor-widget elementor-widget-text-editor\" data-id=\"c657817\" data-element_type=\"widget\" data-widget_type=\"text-editor.default\">\n\t\t\t\t<div class=\"elementor-widget-container\">\n\t\t\t\t\t\t\t\t<h5>CERTIFICATION<\/h5>\t\t\t\t\t\t<\/div>\n\t\t\t\t<\/div>\n\t\t\t\t<div class=\"elementor-element elementor-element-00610df elementor-widget elementor-widget-image\" data-id=\"00610df\" data-element_type=\"widget\" id=\"s-image\" data-widget_type=\"image.default\">\n\t\t\t\t<div class=\"elementor-widget-container\">\n\t\t\t\t\t\t\t\t\t\t\t\t\t\t\t<img loading=\"lazy\" decoding=\"async\" width=\"500\" height=\"333\" src=\"https:\/\/www.vignobles-jeanjean.com\/wp-content\/uploads\/2021\/05\/EU_Organic_Logo_Colour_rgb.jpg\" class=\"attachment-full size-full\" alt=\"bio\" srcset=\"https:\/\/www.vignobles-jeanjean.com\/wp-content\/uploads\/2021\/05\/EU_Organic_Logo_Colour_rgb.jpg 500w, https:\/\/www.vignobles-jeanjean.com\/wp-content\/uploads\/2021\/05\/EU_Organic_Logo_Colour_rgb-300x200.jpg 300w\" sizes=\"auto, (max-width: 500px) 100vw, 500px\" \/>\t\t\t\t\t\t\t\t\t\t\t\t\t\t\t<\/div>\n\t\t\t\t<\/div>\n\t\t\t\t<div class=\"elementor-element elementor-element-6456efe elementor-widget elementor-widget-image\" data-id=\"6456efe\" data-element_type=\"widget\" data-widget_type=\"image.default\">\n\t\t\t\t<div class=\"elementor-widget-container\">\n\t\t\t\t\t\t\t\t\t\t\t\t\t\t\t<img loading=\"lazy\" decoding=\"async\" width=\"100\" height=\"100\" src=\"https:\/\/www.vignobles-jeanjean.com\/wp-content\/uploads\/2025\/05\/ART-MAI-PIVE-9.png\" class=\"attachment-large size-large\" alt=\"\" \/>\t\t\t\t\t\t\t\t\t\t\t\t\t\t\t<\/div>\n\t\t\t\t<\/div>\n\t\t\t\t\t<\/div>\n\t\t<\/div>\n\t\t\t\t\t\t\t<\/div>\n\t\t<\/section>\n\t\t\t\t\t<\/div>\n\t\t<\/div>\n\t\t\t\t\t\t\t<\/div>\n\t\t<\/section>\n\t\t\t\t<section class=\"elementor-section elementor-top-section elementor-element elementor-element-ba84be6 elementor-section-boxed elementor-section-height-default elementor-section-height-default\" data-id=\"ba84be6\" data-element_type=\"section\" id=\"wins\">\n\t\t\t\t\t\t<div class=\"elementor-container elementor-column-gap-default\">\n\t\t\t\t\t<div class=\"elementor-column elementor-col-100 elementor-top-column elementor-element elementor-element-17ec7cc\" data-id=\"17ec7cc\" data-element_type=\"column\" id=\"single-win\">\n\t\t\t<div class=\"elementor-widget-wrap elementor-element-populated\">\n\t\t\t\t\t\t\t\t\t<\/div>\n\t\t<\/div>\n\t\t\t\t\t\t\t<\/div>\n\t\t<\/section>\n\t\t\t\t<section class=\"elementor-section elementor-top-section elementor-element elementor-element-5294368 elementor-section-boxed elementor-section-height-default elementor-section-height-default\" data-id=\"5294368\" data-element_type=\"section\">\n\t\t\t\t\t\t<div class=\"elementor-container elementor-column-gap-default\">\n\t\t\t\t\t<div class=\"elementor-column elementor-col-100 elementor-top-column elementor-element elementor-element-76eb400\" data-id=\"76eb400\" data-element_type=\"column\">\n\t\t\t<div class=\"elementor-widget-wrap elementor-element-populated\">\n\t\t\t\t\t\t\t\t<div class=\"elementor-element elementor-element-d9b6ff1 elementor-skin-carousel elementor-arrows-yes elementor-pagination-type-bullets elementor-pagination-position-outside elementor-widget elementor-widget-media-carousel\" data-id=\"d9b6ff1\" data-element_type=\"widget\" data-settings=\"{&quot;skin&quot;:&quot;carousel&quot;,&quot;effect&quot;:&quot;slide&quot;,&quot;show_arrows&quot;:&quot;yes&quot;,&quot;pagination&quot;:&quot;bullets&quot;,&quot;speed&quot;:500,&quot;autoplay&quot;:&quot;yes&quot;,&quot;autoplay_speed&quot;:5000,&quot;loop&quot;:&quot;yes&quot;,&quot;pause_on_hover&quot;:&quot;yes&quot;,&quot;pause_on_interaction&quot;:&quot;yes&quot;,&quot;space_between&quot;:{&quot;unit&quot;:&quot;px&quot;,&quot;size&quot;:10,&quot;sizes&quot;:[]},&quot;space_between_tablet&quot;:{&quot;unit&quot;:&quot;px&quot;,&quot;size&quot;:10,&quot;sizes&quot;:[]},&quot;space_between_mobile&quot;:{&quot;unit&quot;:&quot;px&quot;,&quot;size&quot;:10,&quot;sizes&quot;:[]}}\" data-widget_type=\"media-carousel.default\">\n\t\t\t\t<div class=\"elementor-widget-container\">\n\t\t\t\t\t<div class=\"elementor-swiper\">\n\t\t\t<div class=\"elementor-main-swiper swiper-container\">\n\t\t\t\t<div class=\"swiper-wrapper\">\n\t\t\t\t\t\t\t\t\t\t\t<div class=\"swiper-slide\">\n\t\t\t\t\t\t\t\t\t<div class=\"elementor-carousel-image\" style=\"background-image: url(https:\/\/www.vignobles-jeanjean.com\/wp-content\/uploads\/2021\/07\/Terres-Blanches-1-scaled.jpg)\">\n\t\t\t\t\t<\/div>\n\t\t\t\t\t\t\t\t<\/div>\n\t\t\t\t\t\t\t\t\t\t\t<div class=\"swiper-slide\">\n\t\t\t\t\t\t\t\t\t<div class=\"elementor-carousel-image\" style=\"background-image: url(https:\/\/www.vignobles-jeanjean.com\/wp-content\/uploads\/2021\/07\/Terres-Blanches-scaled.jpg)\">\n\t\t\t\t\t<\/div>\n\t\t\t\t\t\t\t\t<\/div>\n\t\t\t\t\t\t\t\t\t\t\t<div class=\"swiper-slide\">\n\t\t\t\t\t\t\t\t\t<div class=\"elementor-carousel-image\" style=\"background-image: url(https:\/\/www.vignobles-jeanjean.com\/wp-content\/uploads\/2021\/07\/MG_5136-scaled.jpg)\">\n\t\t\t\t\t<\/div>\n\t\t\t\t\t\t\t\t<\/div>\n\t\t\t\t\t\t\t\t\t\t\t<div class=\"swiper-slide\">\n\t\t\t\t\t\t\t\t\t<div class=\"elementor-carousel-image\" style=\"background-image: url(https:\/\/www.vignobles-jeanjean.com\/wp-content\/uploads\/2021\/07\/MG_5867-scaled.jpg)\">\n\t\t\t\t\t<\/div>\n\t\t\t\t\t\t\t\t<\/div>\n\t\t\t\t\t\t\t\t\t<\/div>\n\t\t\t\t\t\t\t\t\t\t\t\t\t\t\t<div class=\"swiper-pagination\"><\/div>\n\t\t\t\t\t\t\t\t\t\t\t\t\t\t\t\t<div class=\"elementor-swiper-button elementor-swiper-button-prev\">\n\t\t\t\t\t\t\t<i class=\"eicon-chevron-left\" aria-hidden=\"true\"><\/i>\n\t\t\t\t\t\t\t<span class=\"elementor-screen-only\">Pr\u00e9c\u00e9dent<\/span>\n\t\t\t\t\t\t<\/div>\n\t\t\t\t\t\t<div class=\"elementor-swiper-button elementor-swiper-button-next\">\n\t\t\t\t\t\t\t<i class=\"eicon-chevron-right\" aria-hidden=\"true\"><\/i>\n\t\t\t\t\t\t\t<span class=\"elementor-screen-only\">Suivant<\/span>\n\t\t\t\t\t\t<\/div>\n\t\t\t\t\t\t\t\t\t\t\t\t<\/div>\n\t\t<\/div>\n\t\t\t\t<\/div>\n\t\t\t\t<\/div>\n\t\t\t\t\t<\/div>\n\t\t<\/div>\n\t\t\t\t\t\t\t<\/div>\n\t\t<\/section>\n\t\t\t\t\t\t<\/div>\n\t\t\t\t\t<\/div>\n\t\t","protected":false},"excerpt":{"rendered":"<p>DOMAINE DES TERRES BLANCHES THE UNIQUE Domaine des Terres Blanches straddles the communes of Pinet, Castelnau de Guers and Pomerols. The estate comprises 6 parcels, including Euz\u00e8be le blanc and Tienou la blanche. The terroir is composed exclusively of superficial to medium clay-limestone soils. Piquepoul is the only grape variety grown on these 6 plots. [&hellip;]<\/p>\n","protected":false},"author":1,"featured_media":0,"parent":0,"menu_order":0,"comment_status":"closed","ping_status":"closed","template":"","meta":{"footnotes":""},"class_list":["post-3318","page","type-page","status-publish","hentry"],"yoast_head":"<!-- This site is optimized with the Yoast SEO plugin v20.4 - https:\/\/yoast.com\/wordpress\/plugins\/seo\/ -->\n<title>DOMAINE DES TERRES BLANCHES - Vignobles Jeanjean<\/title>\n<meta name=\"description\" content=\"Le Domaine des Terres Blanches est \u00e0 cheval entre les communes dePinet, Castelnau de Guers et Pomerols. Le domaine est compos\u00e9 de 6parcelles, dont Euz\u00e8be le blanc et Tienou la blanche. Celles-ci,compos\u00e9es de pr\u00e9noms de la 1\u00e8re moiti\u00e9 du 20\u00e8me si\u00e8cle, ont donn\u00e9leur nom au domaine des Terres Blanches.Le terroir est uniquementcompos\u00e9 de sols argilo calcaire superficiels ou moyens.\" \/>\n<meta name=\"robots\" content=\"index, follow, max-snippet:-1, max-image-preview:large, max-video-preview:-1\" \/>\n<link rel=\"canonical\" href=\"https:\/\/www.vignobles-jeanjean.com\/?page_id=3318&lang=en\" \/>\n<meta property=\"og:locale\" content=\"fr_FR\" \/>\n<meta property=\"og:type\" content=\"article\" \/>\n<meta property=\"og:title\" content=\"DOMAINE DES TERRES BLANCHES - Vignobles Jeanjean\" \/>\n<meta property=\"og:description\" content=\"Le Domaine des Terres Blanches est \u00e0 cheval entre les communes dePinet, Castelnau de Guers et Pomerols. Le domaine est compos\u00e9 de 6parcelles, dont Euz\u00e8be le blanc et Tienou la blanche. Celles-ci,compos\u00e9es de pr\u00e9noms de la 1\u00e8re moiti\u00e9 du 20\u00e8me si\u00e8cle, ont donn\u00e9leur nom au domaine des Terres Blanches.Le terroir est uniquementcompos\u00e9 de sols argilo calcaire superficiels ou moyens.\" \/>\n<meta property=\"og:url\" content=\"https:\/\/www.vignobles-jeanjean.com\/?page_id=3318&amp;lang=en\" \/>\n<meta property=\"og:site_name\" content=\"Vignobles Jeanjean\" \/>\n<meta property=\"article:modified_time\" content=\"2025-05-21T08:33:41+00:00\" \/>\n<meta property=\"og:image\" content=\"https:\/\/www.vignobles-jeanjean.com\/wp-content\/uploads\/2023\/03\/header-TERRES-BLANCHES-FT-QUABLE-B-1536x372.png\" \/>\n<meta name=\"twitter:card\" content=\"summary_large_image\" \/>\n<meta name=\"twitter:label1\" content=\"Dur\u00e9e de lecture estim\u00e9e\" \/>\n\t<meta name=\"twitter:data1\" content=\"2 minutes\" \/>\n<script type=\"application\/ld+json\" class=\"yoast-schema-graph\">{\"@context\":\"https:\/\/schema.org\",\"@graph\":[{\"@type\":\"WebPage\",\"@id\":\"https:\/\/www.vignobles-jeanjean.com\/?page_id=3318&lang=en\",\"url\":\"https:\/\/www.vignobles-jeanjean.com\/?page_id=3318&lang=en\",\"name\":\"DOMAINE DES TERRES BLANCHES - Vignobles Jeanjean\",\"isPartOf\":{\"@id\":\"https:\/\/www.vignobles-jeanjean.com\/#website\"},\"datePublished\":\"2023-06-20T13:56:51+00:00\",\"dateModified\":\"2025-05-21T08:33:41+00:00\",\"description\":\"Le Domaine des Terres Blanches est \u00e0 cheval entre les communes dePinet, Castelnau de Guers et Pomerols. Le domaine est compos\u00e9 de 6parcelles, dont Euz\u00e8be le blanc et Tienou la blanche. Celles-ci,compos\u00e9es de pr\u00e9noms de la 1\u00e8re moiti\u00e9 du 20\u00e8me si\u00e8cle, ont donn\u00e9leur nom au domaine des Terres Blanches.Le terroir est uniquementcompos\u00e9 de sols argilo calcaire superficiels ou moyens.\",\"breadcrumb\":{\"@id\":\"https:\/\/www.vignobles-jeanjean.com\/?page_id=3318&lang=en#breadcrumb\"},\"inLanguage\":\"fr-FR\",\"potentialAction\":[{\"@type\":\"ReadAction\",\"target\":[\"https:\/\/www.vignobles-jeanjean.com\/?page_id=3318&lang=en\"]}]},{\"@type\":\"BreadcrumbList\",\"@id\":\"https:\/\/www.vignobles-jeanjean.com\/?page_id=3318&lang=en#breadcrumb\",\"itemListElement\":[{\"@type\":\"ListItem\",\"position\":1,\"name\":\"Home\",\"item\":\"https:\/\/www.vignobles-jeanjean.com\/\"},{\"@type\":\"ListItem\",\"position\":2,\"name\":\"DOMAINE DES TERRES BLANCHES\"}]},{\"@type\":\"WebSite\",\"@id\":\"https:\/\/www.vignobles-jeanjean.com\/#website\",\"url\":\"https:\/\/www.vignobles-jeanjean.com\/\",\"name\":\"Vignobles Jeanjean\",\"description\":\"\",\"publisher\":{\"@id\":\"https:\/\/www.vignobles-jeanjean.com\/#organization\"},\"potentialAction\":[{\"@type\":\"SearchAction\",\"target\":{\"@type\":\"EntryPoint\",\"urlTemplate\":\"https:\/\/www.vignobles-jeanjean.com\/?s={search_term_string}\"},\"query-input\":\"required name=search_term_string\"}],\"inLanguage\":\"fr-FR\"},{\"@type\":\"Organization\",\"@id\":\"https:\/\/www.vignobles-jeanjean.com\/#organization\",\"name\":\"Vignobles Jeanjean\",\"url\":\"https:\/\/www.vignobles-jeanjean.com\/\",\"logo\":{\"@type\":\"ImageObject\",\"inLanguage\":\"fr-FR\",\"@id\":\"https:\/\/www.vignobles-jeanjean.com\/#\/schema\/logo\/image\/\",\"url\":\"https:\/\/www.vignobles-jeanjean.com\/wp-content\/uploads\/2021\/07\/VJJ.png\",\"contentUrl\":\"https:\/\/www.vignobles-jeanjean.com\/wp-content\/uploads\/2021\/07\/VJJ.png\",\"width\":683,\"height\":255,\"caption\":\"Vignobles Jeanjean\"},\"image\":{\"@id\":\"https:\/\/www.vignobles-jeanjean.com\/#\/schema\/logo\/image\/\"}}]}<\/script>\n<!-- \/ Yoast SEO plugin. -->","yoast_head_json":{"title":"DOMAINE DES TERRES BLANCHES - Vignobles Jeanjean","description":"Le Domaine des Terres Blanches est \u00e0 cheval entre les communes dePinet, Castelnau de Guers et Pomerols. Le domaine est compos\u00e9 de 6parcelles, dont Euz\u00e8be le blanc et Tienou la blanche. Celles-ci,compos\u00e9es de pr\u00e9noms de la 1\u00e8re moiti\u00e9 du 20\u00e8me si\u00e8cle, ont donn\u00e9leur nom au domaine des Terres Blanches.Le terroir est uniquementcompos\u00e9 de sols argilo calcaire superficiels ou moyens.","robots":{"index":"index","follow":"follow","max-snippet":"max-snippet:-1","max-image-preview":"max-image-preview:large","max-video-preview":"max-video-preview:-1"},"canonical":"https:\/\/www.vignobles-jeanjean.com\/?page_id=3318&lang=en","og_locale":"fr_FR","og_type":"article","og_title":"DOMAINE DES TERRES BLANCHES - Vignobles Jeanjean","og_description":"Le Domaine des Terres Blanches est \u00e0 cheval entre les communes dePinet, Castelnau de Guers et Pomerols. Le domaine est compos\u00e9 de 6parcelles, dont Euz\u00e8be le blanc et Tienou la blanche. Celles-ci,compos\u00e9es de pr\u00e9noms de la 1\u00e8re moiti\u00e9 du 20\u00e8me si\u00e8cle, ont donn\u00e9leur nom au domaine des Terres Blanches.Le terroir est uniquementcompos\u00e9 de sols argilo calcaire superficiels ou moyens.","og_url":"https:\/\/www.vignobles-jeanjean.com\/?page_id=3318&lang=en","og_site_name":"Vignobles Jeanjean","article_modified_time":"2025-05-21T08:33:41+00:00","og_image":[{"url":"https:\/\/www.vignobles-jeanjean.com\/wp-content\/uploads\/2023\/03\/header-TERRES-BLANCHES-FT-QUABLE-B-1536x372.png"}],"twitter_card":"summary_large_image","twitter_misc":{"Dur\u00e9e de lecture estim\u00e9e":"2 minutes"},"schema":{"@context":"https:\/\/schema.org","@graph":[{"@type":"WebPage","@id":"https:\/\/www.vignobles-jeanjean.com\/?page_id=3318&lang=en","url":"https:\/\/www.vignobles-jeanjean.com\/?page_id=3318&lang=en","name":"DOMAINE DES TERRES BLANCHES - Vignobles Jeanjean","isPartOf":{"@id":"https:\/\/www.vignobles-jeanjean.com\/#website"},"datePublished":"2023-06-20T13:56:51+00:00","dateModified":"2025-05-21T08:33:41+00:00","description":"Le Domaine des Terres Blanches est \u00e0 cheval entre les communes dePinet, Castelnau de Guers et Pomerols. Le domaine est compos\u00e9 de 6parcelles, dont Euz\u00e8be le blanc et Tienou la blanche. Celles-ci,compos\u00e9es de pr\u00e9noms de la 1\u00e8re moiti\u00e9 du 20\u00e8me si\u00e8cle, ont donn\u00e9leur nom au domaine des Terres Blanches.Le terroir est uniquementcompos\u00e9 de sols argilo calcaire superficiels ou moyens.","breadcrumb":{"@id":"https:\/\/www.vignobles-jeanjean.com\/?page_id=3318&lang=en#breadcrumb"},"inLanguage":"fr-FR","potentialAction":[{"@type":"ReadAction","target":["https:\/\/www.vignobles-jeanjean.com\/?page_id=3318&lang=en"]}]},{"@type":"BreadcrumbList","@id":"https:\/\/www.vignobles-jeanjean.com\/?page_id=3318&lang=en#breadcrumb","itemListElement":[{"@type":"ListItem","position":1,"name":"Home","item":"https:\/\/www.vignobles-jeanjean.com\/"},{"@type":"ListItem","position":2,"name":"DOMAINE DES TERRES BLANCHES"}]},{"@type":"WebSite","@id":"https:\/\/www.vignobles-jeanjean.com\/#website","url":"https:\/\/www.vignobles-jeanjean.com\/","name":"Vignobles Jeanjean","description":"","publisher":{"@id":"https:\/\/www.vignobles-jeanjean.com\/#organization"},"potentialAction":[{"@type":"SearchAction","target":{"@type":"EntryPoint","urlTemplate":"https:\/\/www.vignobles-jeanjean.com\/?s={search_term_string}"},"query-input":"required name=search_term_string"}],"inLanguage":"fr-FR"},{"@type":"Organization","@id":"https:\/\/www.vignobles-jeanjean.com\/#organization","name":"Vignobles Jeanjean","url":"https:\/\/www.vignobles-jeanjean.com\/","logo":{"@type":"ImageObject","inLanguage":"fr-FR","@id":"https:\/\/www.vignobles-jeanjean.com\/#\/schema\/logo\/image\/","url":"https:\/\/www.vignobles-jeanjean.com\/wp-content\/uploads\/2021\/07\/VJJ.png","contentUrl":"https:\/\/www.vignobles-jeanjean.com\/wp-content\/uploads\/2021\/07\/VJJ.png","width":683,"height":255,"caption":"Vignobles Jeanjean"},"image":{"@id":"https:\/\/www.vignobles-jeanjean.com\/#\/schema\/logo\/image\/"}}]}},"_links":{"self":[{"href":"https:\/\/www.vignobles-jeanjean.com\/index.php?rest_route=\/wp\/v2\/pages\/3318","targetHints":{"allow":["GET"]}}],"collection":[{"href":"https:\/\/www.vignobles-jeanjean.com\/index.php?rest_route=\/wp\/v2\/pages"}],"about":[{"href":"https:\/\/www.vignobles-jeanjean.com\/index.php?rest_route=\/wp\/v2\/types\/page"}],"author":[{"embeddable":true,"href":"https:\/\/www.vignobles-jeanjean.com\/index.php?rest_route=\/wp\/v2\/users\/1"}],"replies":[{"embeddable":true,"href":"https:\/\/www.vignobles-jeanjean.com\/index.php?rest_route=%2Fwp%2Fv2%2Fcomments&post=3318"}],"version-history":[{"count":11,"href":"https:\/\/www.vignobles-jeanjean.com\/index.php?rest_route=\/wp\/v2\/pages\/3318\/revisions"}],"predecessor-version":[{"id":4688,"href":"https:\/\/www.vignobles-jeanjean.com\/index.php?rest_route=\/wp\/v2\/pages\/3318\/revisions\/4688"}],"wp:attachment":[{"href":"https:\/\/www.vignobles-jeanjean.com\/index.php?rest_route=%2Fwp%2Fv2%2Fmedia&parent=3318"}],"curies":[{"name":"wp","href":"https:\/\/api.w.org\/{rel}","templated":true}]}}